{"id":144,"date":"2024-11-23T18:24:08","date_gmt":"2024-11-23T17:24:08","guid":{"rendered":"https:\/\/fontmarti.com\/quienes-somos\/"},"modified":"2025-01-14T14:45:23","modified_gmt":"2025-01-14T13:45:23","slug":"quienes-somos","status":"publish","type":"page","link":"https:\/\/fontmarti.com\/es\/quienes-somos\/","title":{"rendered":"Qui\u00e9nes somos"},"content":{"rendered":"<p>[et_pb_section fb_built=\u00bb1&#8243; _builder_version=\u00bb4.27.2&#8243; _module_preset=\u00bbdefault\u00bb global_colors_info=\u00bb{}\u00bb][et_pb_row column_structure=\u00bb1_3,1_3,1_3&#8243; use_custom_gutter=\u00bbon\u00bb gutter_width=\u00bb1&#8243; make_equal=\u00bbon\u00bb custom_padding_last_edited=\u00bbon|phone\u00bb _builder_version=\u00bb4.27.3&#8243; _module_preset=\u00bbdefault\u00bb background_image=\u00bbhttps:\/\/fontmarti.com\/wp-content\/uploads\/2024\/11\/fontmarti-Mesa-de-trabajo-8-100.jpg\u00bb width=\u00bb90%\u00bb max_width=\u00bb1260px\u00bb custom_margin=\u00bb-3px|auto||auto||true\u00bb custom_padding=\u00bb95px|28px|95px|28px|true|true\u00bb custom_padding_tablet=\u00bb95px|28px|95px|28px|true|true\u00bb custom_padding_phone=\u00bb39px|28px|39px|28px|true|true\u00bb global_colors_info=\u00bb{}\u00bb][et_pb_column type=\u00bb1_3&#8243; _builder_version=\u00bb4.27.3&#8243; _module_preset=\u00bbdefault\u00bb background_enable_color=\u00bboff\u00bb custom_padding=\u00bb23px|29px|23px|29px|true|true\u00bb global_colors_info=\u00bb{}\u00bb][\/et_pb_column][et_pb_column type=\u00bb1_3&#8243; _builder_version=\u00bb4.27.2&#8243; _module_preset=\u00bbdefault\u00bb background_enable_color=\u00bboff\u00bb global_colors_info=\u00bb{}\u00bb][et_pb_text _builder_version=\u00bb4.27.3&#8243; _module_preset=\u00bbdefault\u00bb text_text_color=\u00bb#FFFFFF\u00bb text_font_size=\u00bb26px\u00bb text_line_height=\u00bb1.4em\u00bb header_font=\u00bb|700|||||||\u00bb header_text_color=\u00bb#FFFFFF\u00bb header_line_height=\u00bb0.9em\u00bb header_2_font=\u00bb|700|||||||\u00bb header_2_text_align=\u00bbcenter\u00bb header_2_text_color=\u00bb#FFFFFF\u00bb header_2_font_size=\u00bb45px\u00bb background_color=\u00bbrgba(0,0,0,0.4)\u00bb custom_margin=\u00bb||0px||false|false\u00bb custom_padding=\u00bb25px|53px|23px|53px|false|true\u00bb header_font_size_tablet=\u00bb\u00bb header_font_size_phone=\u00bb25px\u00bb header_font_size_last_edited=\u00bbon|phone\u00bb header_2_font_size_tablet=\u00bb45px\u00bb header_2_font_size_phone=\u00bb35px\u00bb header_2_font_size_last_edited=\u00bbon|phone\u00bb global_colors_info=\u00bb{}\u00bb]<\/p>\n<h2>Qui\u00e9nes somos<\/h2>\n<p>[\/et_pb_text][\/et_pb_column][et_pb_column type=\u00bb1_3&#8243; _builder_version=\u00bb4.27.2&#8243; _module_preset=\u00bbdefault\u00bb background_enable_color=\u00bboff\u00bb global_colors_info=\u00bb{}\u00bb][\/et_pb_column][\/et_pb_row][et_pb_row column_structure=\u00bb1_2,1_2&#8243; use_custom_gutter=\u00bbon\u00bb gutter_width=\u00bb2&#8243; make_equal=\u00bbon\u00bb custom_padding_last_edited=\u00bbon|phone\u00bb disabled_on=\u00bboff|off|off\u00bb _builder_version=\u00bb4.27.3&#8243; _module_preset=\u00bbdefault\u00bb background_image=\u00bbhttps:\/\/fontmarti.com\/wp-content\/uploads\/2024\/11\/fontmarti-personalitza-equip-Mesa-de-trabajo-2.png\u00bb background_size=\u00bbinitial\u00bb background_position=\u00bbcenter_left\u00bb width=\u00bb90%\u00bb max_width=\u00bb1260px\u00bb custom_margin=\u00bb53px|auto||auto|false|true\u00bb custom_margin_tablet=\u00bb53px|auto||auto|false|true\u00bb custom_margin_phone=\u00bb0px|auto||auto|false|true\u00bb custom_margin_last_edited=\u00bbon|phone\u00bb custom_padding=\u00bb1px||1px||true|true\u00bb custom_padding_tablet=\u00bb111px||111px||true|true\u00bb custom_padding_phone=\u00bb0px||0px||true|true\u00bb animation_style=\u00bbslide\u00bb animation_direction=\u00bbleft\u00bb background_last_edited=\u00bbon|tablet\u00bb background_enable_image_tablet=\u00bboff\u00bb background_enable_image_phone=\u00bboff\u00bb global_colors_info=\u00bb{}\u00bb][et_pb_column type=\u00bb1_2&#8243; _builder_version=\u00bb4.27.2&#8243; _module_preset=\u00bbdefault\u00bb background_enable_color=\u00bboff\u00bb background_enable_image=\u00bboff\u00bb custom_padding=\u00bb23px|23px|23px|23px|true|true\u00bb global_colors_info=\u00bb{}\u00bb][\/et_pb_column][et_pb_column type=\u00bb1_2&#8243; _builder_version=\u00bb4.27.2&#8243; _module_preset=\u00bbdefault\u00bb global_colors_info=\u00bb{}\u00bb][et_pb_text _builder_version=\u00bb4.27.3&#8243; _module_preset=\u00bbdefault\u00bb text_text_color=\u00bb#FFFFFF\u00bb text_font_size=\u00bb26px\u00bb text_line_height=\u00bb1.4em\u00bb header_font=\u00bb|700|||||||\u00bb header_text_color=\u00bb#FFFFFF\u00bb header_line_height=\u00bb0.5em\u00bb background_color=\u00bbrgba(0,0,0,0.6)\u00bb custom_margin=\u00bb||0px||false|false\u00bb custom_margin_tablet=\u00bb||0px||false|false\u00bb custom_margin_phone=\u00bb39px||0px||false|false\u00bb custom_margin_last_edited=\u00bbon|phone\u00bb custom_padding=\u00bb45px|53px|23px|53px|false|true\u00bb hover_enabled=\u00bb0&#8243; header_font_size_tablet=\u00bb\u00bb header_font_size_phone=\u00bb25px\u00bb header_font_size_last_edited=\u00bbon|phone\u00bb global_colors_info=\u00bb{}\u00bb sticky_enabled=\u00bb0&#8243; custom_padding_last_edited=\u00bbon|phone\u00bb custom_padding_phone=\u00bb45px|25px|23px|25px|false|true\u00bb custom_padding_tablet=\u00bb45px|53px|23px|53px|false|true\u00bb]<\/p>\n<h1>M\u00e1s de 25 a\u00f1os<\/h1>\n<p>a su servicio<\/p>\n<p>[\/et_pb_text][et_pb_text _builder_version=\u00bb4.27.3&#8243; _module_preset=\u00bbdefault\u00bb text_text_color=\u00bb#FFFFFF\u00bb background_color=\u00bbrgba(0,0,0,0.6)\u00bb custom_padding=\u00bb|53px|73px|53px|false|true\u00bb hover_enabled=\u00bb0&#8243; global_colors_info=\u00bb{}\u00bb custom_padding_last_edited=\u00bbon|phone\u00bb custom_padding_phone=\u00bb|25px||25px|false|true\u00bb sticky_enabled=\u00bb0&#8243; custom_padding_tablet=\u00bb|53px|73px|53px|false|true\u00bb]<\/p>\n<p>Fontmart\u00ed es una empresa de Girona dedicada al sector del embalaje comercial y alimentario, art\u00edculos de menaje y productos de limpieza. La zona de actuaci\u00f3n principal es la comarca de Girona, extendi\u00e9ndose al resto de Catalu\u00f1a.<\/p>\n<p>Inicia su actividad a finales del 2010. A pesar de la juventud de la empresa, cuenta con un equipo comercial con experiencia en el mercado de m\u00e1s de 25 a\u00f1os y un equipo humano muy implicado en el proyecto.<\/p>\n<p>La actividad de la empresa consta en dar un servicio lo m\u00e1s personalizado posible en cuanto al trato y al m\u00e1ximo global en cuanto al producto destinado al comercio tradicional, a la industria alimentaria y a la restauraci\u00f3n.<\/p>\n<p>Desde hace a\u00f1os, colaboramos con los principales fabricantes nacionales y extranjeros de nuestro sector para ofrecer los mejores productos a nuestros clientes.<\/p>\n<p>[\/et_pb_text][\/et_pb_column][\/et_pb_row][et_pb_row disabled_on=\u00bboff|off|on\u00bb _builder_version=\u00bb4.27.3&#8243; _module_preset=\u00bbdefault\u00bb hover_enabled=\u00bb0&#8243; global_colors_info=\u00bb{}\u00bb width_last_edited=\u00bbon|phone\u00bb width_phone=\u00bb90%\u00bb sticky_enabled=\u00bb0&#8243;][et_pb_column type=\u00bb4_4&#8243; _builder_version=\u00bb4.27.3&#8243; _module_preset=\u00bbdefault\u00bb global_colors_info=\u00bb{}\u00bb][et_pb_image src=\u00bbhttps:\/\/fontmarti.com\/wp-content\/uploads\/2024\/11\/fontmarti-personalitza-equip-Mesa-de-trabajo-2.png\u00bb title_text=\u00bbfontmarti-personaliza-equip-Mesa de trabajo 2&#8243; _builder_version=\u00bb4.27.3&#8243; _module_preset=\u00bbdefault\u00bb global_colors_info=\u00bb{}\u00bb][\/et_pb_image][\/et_pb_column][\/et_pb_row][\/et_pb_section]<\/p>\n","protected":false},"excerpt":{"rendered":"<p>Qui\u00e9nes somosM\u00e1s de 25 a\u00f1os a su servicioFontmart\u00ed es una empresa de Girona dedicada al sector del embalaje comercial y alimentario, art\u00edculos de menaje y productos de limpieza. La zona de actuaci\u00f3n principal es la comarca de Girona, extendi\u00e9ndose al resto de Catalu\u00f1a. Inicia su actividad a finales del 2010. A pesar de la juventud [&hellip;]<\/p>\n","protected":false},"author":1,"featured_media":0,"parent":0,"menu_order":0,"comment_status":"closed","ping_status":"closed","template":"","meta":{"_et_pb_use_builder":"on","_et_pb_old_content":"","_et_gb_content_width":"","footnotes":""},"class_list":["post-144","page","type-page","status-publish","hentry"],"yoast_head":"<!-- This site is optimized with the Yoast SEO plugin v27.4 - https:\/\/yoast.com\/product\/yoast-seo-wordpress\/ -->\n<title>Qui\u00e9nes somos - Fontmart\u00ed<\/title>\n<meta name=\"robots\" content=\"index, follow, max-snippet:-1, max-image-preview:large, max-video-preview:-1\" \/>\n<link rel=\"canonical\" href=\"https:\/\/fontmarti.com\/es\/quienes-somos\/\" \/>\n<meta property=\"og:locale\" content=\"es_ES\" \/>\n<meta property=\"og:type\" content=\"article\" \/>\n<meta property=\"og:title\" content=\"Qui\u00e9nes somos - Fontmart\u00ed\" \/>\n<meta property=\"og:description\" content=\"Qui\u00e9nes somosM\u00e1s de 25 a\u00f1os a su servicioFontmart\u00ed es una empresa de Girona dedicada al sector del embalaje comercial y alimentario, art\u00edculos de menaje y productos de limpieza. La zona de actuaci\u00f3n principal es la comarca de Girona, extendi\u00e9ndose al resto de Catalu\u00f1a. Inicia su actividad a finales del 2010. A pesar de la juventud [&hellip;]\" \/>\n<meta property=\"og:url\" content=\"https:\/\/fontmarti.com\/es\/quienes-somos\/\" \/>\n<meta property=\"og:site_name\" content=\"Fontmart\u00ed\" \/>\n<meta property=\"article:modified_time\" content=\"2025-01-14T13:45:23+00:00\" \/>\n<meta name=\"twitter:card\" content=\"summary_large_image\" \/>\n<meta name=\"twitter:label1\" content=\"Tiempo de lectura\" \/>\n\t<meta name=\"twitter:data1\" content=\"4 minutos\" \/>\n<script type=\"application\/ld+json\" class=\"yoast-schema-graph\">{\"@context\":\"https:\\\/\\\/schema.org\",\"@graph\":[{\"@type\":\"WebPage\",\"@id\":\"https:\\\/\\\/fontmarti.com\\\/es\\\/quienes-somos\\\/\",\"url\":\"https:\\\/\\\/fontmarti.com\\\/es\\\/quienes-somos\\\/\",\"name\":\"Qui\u00e9nes somos - Fontmart\u00ed\",\"isPartOf\":{\"@id\":\"https:\\\/\\\/fontmarti.com\\\/es\\\/#website\"},\"datePublished\":\"2024-11-23T17:24:08+00:00\",\"dateModified\":\"2025-01-14T13:45:23+00:00\",\"breadcrumb\":{\"@id\":\"https:\\\/\\\/fontmarti.com\\\/es\\\/quienes-somos\\\/#breadcrumb\"},\"inLanguage\":\"es\",\"potentialAction\":[{\"@type\":\"ReadAction\",\"target\":[\"https:\\\/\\\/fontmarti.com\\\/es\\\/quienes-somos\\\/\"]}]},{\"@type\":\"BreadcrumbList\",\"@id\":\"https:\\\/\\\/fontmarti.com\\\/es\\\/quienes-somos\\\/#breadcrumb\",\"itemListElement\":[{\"@type\":\"ListItem\",\"position\":1,\"name\":\"Inici\",\"item\":\"https:\\\/\\\/fontmarti.com\\\/es\\\/\"},{\"@type\":\"ListItem\",\"position\":2,\"name\":\"Qui\u00e9nes somos\"}]},{\"@type\":\"WebSite\",\"@id\":\"https:\\\/\\\/fontmarti.com\\\/es\\\/#website\",\"url\":\"https:\\\/\\\/fontmarti.com\\\/es\\\/\",\"name\":\"Fontmart\u00ed\",\"description\":\"Embalatge alimentari i equipament per hostaleria\",\"publisher\":{\"@id\":\"https:\\\/\\\/fontmarti.com\\\/es\\\/#organization\"},\"potentialAction\":[{\"@type\":\"SearchAction\",\"target\":{\"@type\":\"EntryPoint\",\"urlTemplate\":\"https:\\\/\\\/fontmarti.com\\\/es\\\/?s={search_term_string}\"},\"query-input\":{\"@type\":\"PropertyValueSpecification\",\"valueRequired\":true,\"valueName\":\"search_term_string\"}}],\"inLanguage\":\"es\"},{\"@type\":\"Organization\",\"@id\":\"https:\\\/\\\/fontmarti.com\\\/es\\\/#organization\",\"name\":\"Fontmart\u00ed\",\"url\":\"https:\\\/\\\/fontmarti.com\\\/es\\\/\",\"logo\":{\"@type\":\"ImageObject\",\"inLanguage\":\"es\",\"@id\":\"https:\\\/\\\/fontmarti.com\\\/es\\\/#\\\/schema\\\/logo\\\/image\\\/\",\"url\":\"https:\\\/\\\/fontmarti.com\\\/wp-content\\\/uploads\\\/2024\\\/11\\\/cropped-fontmarti-Mesa-de-trabajo-12-8.png\",\"contentUrl\":\"https:\\\/\\\/fontmarti.com\\\/wp-content\\\/uploads\\\/2024\\\/11\\\/cropped-fontmarti-Mesa-de-trabajo-12-8.png\",\"width\":512,\"height\":512,\"caption\":\"Fontmart\u00ed\"},\"image\":{\"@id\":\"https:\\\/\\\/fontmarti.com\\\/es\\\/#\\\/schema\\\/logo\\\/image\\\/\"}}]}<\/script>\n<!-- \/ Yoast SEO plugin. -->","yoast_head_json":{"title":"Qui\u00e9nes somos - Fontmart\u00ed","robots":{"index":"index","follow":"follow","max-snippet":"max-snippet:-1","max-image-preview":"max-image-preview:large","max-video-preview":"max-video-preview:-1"},"canonical":"https:\/\/fontmarti.com\/es\/quienes-somos\/","og_locale":"es_ES","og_type":"article","og_title":"Qui\u00e9nes somos - Fontmart\u00ed","og_description":"Qui\u00e9nes somosM\u00e1s de 25 a\u00f1os a su servicioFontmart\u00ed es una empresa de Girona dedicada al sector del embalaje comercial y alimentario, art\u00edculos de menaje y productos de limpieza. La zona de actuaci\u00f3n principal es la comarca de Girona, extendi\u00e9ndose al resto de Catalu\u00f1a. Inicia su actividad a finales del 2010. A pesar de la juventud [&hellip;]","og_url":"https:\/\/fontmarti.com\/es\/quienes-somos\/","og_site_name":"Fontmart\u00ed","article_modified_time":"2025-01-14T13:45:23+00:00","twitter_card":"summary_large_image","twitter_misc":{"Tiempo de lectura":"4 minutos"},"schema":{"@context":"https:\/\/schema.org","@graph":[{"@type":"WebPage","@id":"https:\/\/fontmarti.com\/es\/quienes-somos\/","url":"https:\/\/fontmarti.com\/es\/quienes-somos\/","name":"Qui\u00e9nes somos - Fontmart\u00ed","isPartOf":{"@id":"https:\/\/fontmarti.com\/es\/#website"},"datePublished":"2024-11-23T17:24:08+00:00","dateModified":"2025-01-14T13:45:23+00:00","breadcrumb":{"@id":"https:\/\/fontmarti.com\/es\/quienes-somos\/#breadcrumb"},"inLanguage":"es","potentialAction":[{"@type":"ReadAction","target":["https:\/\/fontmarti.com\/es\/quienes-somos\/"]}]},{"@type":"BreadcrumbList","@id":"https:\/\/fontmarti.com\/es\/quienes-somos\/#breadcrumb","itemListElement":[{"@type":"ListItem","position":1,"name":"Inici","item":"https:\/\/fontmarti.com\/es\/"},{"@type":"ListItem","position":2,"name":"Qui\u00e9nes somos"}]},{"@type":"WebSite","@id":"https:\/\/fontmarti.com\/es\/#website","url":"https:\/\/fontmarti.com\/es\/","name":"Fontmart\u00ed","description":"Embalatge alimentari i equipament per hostaleria","publisher":{"@id":"https:\/\/fontmarti.com\/es\/#organization"},"potentialAction":[{"@type":"SearchAction","target":{"@type":"EntryPoint","urlTemplate":"https:\/\/fontmarti.com\/es\/?s={search_term_string}"},"query-input":{"@type":"PropertyValueSpecification","valueRequired":true,"valueName":"search_term_string"}}],"inLanguage":"es"},{"@type":"Organization","@id":"https:\/\/fontmarti.com\/es\/#organization","name":"Fontmart\u00ed","url":"https:\/\/fontmarti.com\/es\/","logo":{"@type":"ImageObject","inLanguage":"es","@id":"https:\/\/fontmarti.com\/es\/#\/schema\/logo\/image\/","url":"https:\/\/fontmarti.com\/wp-content\/uploads\/2024\/11\/cropped-fontmarti-Mesa-de-trabajo-12-8.png","contentUrl":"https:\/\/fontmarti.com\/wp-content\/uploads\/2024\/11\/cropped-fontmarti-Mesa-de-trabajo-12-8.png","width":512,"height":512,"caption":"Fontmart\u00ed"},"image":{"@id":"https:\/\/fontmarti.com\/es\/#\/schema\/logo\/image\/"}}]}},"_links":{"self":[{"href":"https:\/\/fontmarti.com\/es\/wp-json\/wp\/v2\/pages\/144","targetHints":{"allow":["GET"]}}],"collection":[{"href":"https:\/\/fontmarti.com\/es\/wp-json\/wp\/v2\/pages"}],"about":[{"href":"https:\/\/fontmarti.com\/es\/wp-json\/wp\/v2\/types\/page"}],"author":[{"embeddable":true,"href":"https:\/\/fontmarti.com\/es\/wp-json\/wp\/v2\/users\/1"}],"replies":[{"embeddable":true,"href":"https:\/\/fontmarti.com\/es\/wp-json\/wp\/v2\/comments?post=144"}],"version-history":[{"count":2,"href":"https:\/\/fontmarti.com\/es\/wp-json\/wp\/v2\/pages\/144\/revisions"}],"predecessor-version":[{"id":146,"href":"https:\/\/fontmarti.com\/es\/wp-json\/wp\/v2\/pages\/144\/revisions\/146"}],"wp:attachment":[{"href":"https:\/\/fontmarti.com\/es\/wp-json\/wp\/v2\/media?parent=144"}],"curies":[{"name":"wp","href":"https:\/\/api.w.org\/{rel}","templated":true}]}}